{"id":28,"date":"2024-09-17T16:43:23","date_gmt":"2024-09-17T16:43:23","guid":{"rendered":"https:\/\/trusting-johnson.83-171-239-208.plesk.page\/?page_id=28"},"modified":"2026-04-22T19:58:05","modified_gmt":"2026-04-22T17:58:05","slug":"services","status":"publish","type":"page","link":"https:\/\/pearlcohen.de\/en\/services\/","title":{"rendered":"Services"},"content":{"rendered":"<div data-elementor-type=\"wp-page\" data-elementor-id=\"28\" class=\"elementor elementor-28\" data-elementor-settings=\"{&quot;ha_cmc_init_switcher&quot;:&quot;no&quot;}\" data-elementor-post-type=\"page\">\n\t\t\t\t<div class=\"elementor-element elementor-element-a9f8e75 elementor-hidden-mobile e-flex e-con-boxed e-con e-child\" data-id=\"a9f8e75\" data-element_type=\"container\" data-e-type=\"container\" data-settings=\"{&quot;background_background&quot;:&quot;classic&quot;,&quot;_ha_eqh_enable&quot;:false}\">\n\t\t\t\t\t<div class=\"e-con-inner\">\n\t\t<div class=\"elementor-element elementor-element-a6e9d97 e-con-full e-flex e-con e-child\" data-id=\"a6e9d97\" data-element_type=\"container\" data-e-type=\"container\" data-settings=\"{&quot;background_background&quot;:&quot;classic&quot;,&quot;_ha_eqh_enable&quot;:false}\">\n\t\t\t\t<\/div>\n\t\t\t\t\t<\/div>\n\t\t\t\t<\/div>\n\t\t<div class=\"elementor-element elementor-element-987e981 e-flex e-con-boxed e-con e-parent\" data-id=\"987e981\" data-element_type=\"container\" data-e-type=\"container\" data-settings=\"{&quot;_ha_eqh_enable&quot;:false}\">\n\t\t\t\t\t<div class=\"e-con-inner\">\n\t\t\t\t<div class=\"elementor-element elementor-element-87ede1b elementor-widget__width-initial elementor-widget elementor-widget-heading\" data-id=\"87ede1b\" data-element_type=\"widget\" data-e-type=\"widget\" data-widget_type=\"heading.default\">\n\t\t\t\t<div class=\"elementor-widget-container\">\n\t\t\t\t\t<h2 class=\"elementor-heading-title elementor-size-default\">Our services<\/h2>\t\t\t\t<\/div>\n\t\t\t\t<\/div>\n\t\t\t\t\t<\/div>\n\t\t\t\t<\/div>\n\t\t<div class=\"elementor-element elementor-element-3c64a75 e-flex e-con-boxed e-con e-parent\" data-id=\"3c64a75\" data-element_type=\"container\" data-e-type=\"container\" data-settings=\"{&quot;_ha_eqh_enable&quot;:false}\">\n\t\t\t\t\t<div class=\"e-con-inner\">\n\t\t<div class=\"elementor-element elementor-element-fcae321 e-grid e-con-full e-con e-child\" data-id=\"fcae321\" data-element_type=\"container\" data-e-type=\"container\" data-settings=\"{&quot;background_background&quot;:&quot;classic&quot;,&quot;_ha_eqh_enable&quot;:false}\">\n\t\t<div class=\"elementor-element elementor-element-97482a5 e-con-full e-flex e-con e-child\" data-id=\"97482a5\" data-element_type=\"container\" data-e-type=\"container\" data-settings=\"{&quot;background_background&quot;:&quot;classic&quot;,&quot;_ha_eqh_enable&quot;:false}\">\n\t\t\t\t<\/div>\n\t\t<div class=\"elementor-element elementor-element-7d02c9d e-con-full e-flex e-con e-child\" data-id=\"7d02c9d\" data-element_type=\"container\" data-e-type=\"container\" data-settings=\"{&quot;background_background&quot;:&quot;classic&quot;,&quot;_ha_eqh_enable&quot;:false}\">\n\t\t\t\t<div class=\"elementor-element elementor-element-3eed695 elementor-widget__width-initial elementor-widget elementor-widget-heading\" data-id=\"3eed695\" data-element_type=\"widget\" data-e-type=\"widget\" data-widget_type=\"heading.default\">\n\t\t\t\t<div class=\"elementor-widget-container\">\n\t\t\t\t\t<h4 class=\"elementor-heading-title elementor-size-default\">Patents<\/h4>\t\t\t\t<\/div>\n\t\t\t\t<\/div>\n\t\t\t\t<div class=\"elementor-element elementor-element-8c5b296 elementor-widget elementor-widget-text-editor\" data-id=\"8c5b296\" data-element_type=\"widget\" data-e-type=\"widget\" data-widget_type=\"text-editor.default\">\n\t\t\t\t<div class=\"elementor-widget-container\">\n\t\t\t\t\t\t\t\t\t<p>Our focus in US patent law is on the enforcement and defence of patent infringements. We advise our clients on the analysis of infringement risks, the development and implementation of enforcement strategies and the defence against asserted claims. This includes, in particular, representation in patent disputes before US federal courts and in post-grant proceedings before the PTAB (e.g. IPR proceedings).&nbsp;<\/p><p>In addition, we provide well-founded expert opinions on questions of patent infringement, validity and freedom-to-operate. Our advice is consistently focussed on the requirements of contentious disputes and takes particular account of complex cross-border issues.<\/p>\t\t\t\t\t\t\t\t<\/div>\n\t\t\t\t<\/div>\n\t\t\t\t<\/div>\n\t\t<div class=\"elementor-element elementor-element-fe04426 e-con-full e-flex e-con e-child\" data-id=\"fe04426\" data-element_type=\"container\" data-e-type=\"container\" data-settings=\"{&quot;background_background&quot;:&quot;classic&quot;,&quot;_ha_eqh_enable&quot;:false}\">\n\t\t\t\t<div class=\"elementor-element elementor-element-6474681 elementor-widget__width-initial elementor-widget elementor-widget-heading\" data-id=\"6474681\" data-element_type=\"widget\" data-e-type=\"widget\" data-widget_type=\"heading.default\">\n\t\t\t\t<div class=\"elementor-widget-container\">\n\t\t\t\t\t<h4 class=\"elementor-heading-title elementor-size-default\">Brands<\/h4>\t\t\t\t<\/div>\n\t\t\t\t<\/div>\n\t\t\t\t<div class=\"elementor-element elementor-element-538699c elementor-widget elementor-widget-text-editor\" data-id=\"538699c\" data-element_type=\"widget\" data-e-type=\"widget\" data-widget_type=\"text-editor.default\">\n\t\t\t\t<div class=\"elementor-widget-container\">\n\t\t\t\t\t\t\t\t\t<p>In US trademark law, our focus is on the enforcement and defence of trademark rights. We represent our clients in trademark disputes before US courts and in proceedings before the Trademark Trial and Appeal Board (TTAB), in particular in opposition and cancellation proceedings.\u00a0<\/p><p>In addition, we advise on the assessment of infringement risks, develop customised enforcement strategies and provide support in the out-of-court and in-court enforcement of claims for injunctive relief and damages. Our advice is consistently focussed on contentious disputes and the protection of strong brand positions in the US market.<\/p>\t\t\t\t\t\t\t\t<\/div>\n\t\t\t\t<\/div>\n\t\t\t\t<\/div>\n\t\t<div class=\"elementor-element elementor-element-8b325ec e-con-full e-flex e-con e-child\" data-id=\"8b325ec\" data-element_type=\"container\" data-e-type=\"container\" data-settings=\"{&quot;background_background&quot;:&quot;classic&quot;,&quot;_ha_eqh_enable&quot;:false}\">\n\t\t\t\t<\/div>\n\t\t<div class=\"elementor-element elementor-element-35edae0 e-con-full e-flex e-con e-child\" data-id=\"35edae0\" data-element_type=\"container\" data-e-type=\"container\" data-settings=\"{&quot;background_background&quot;:&quot;classic&quot;,&quot;_ha_eqh_enable&quot;:false}\">\n\t\t\t\t<\/div>\n\t\t<div class=\"elementor-element elementor-element-c3ed2c3 e-con-full e-flex e-con e-child\" data-id=\"c3ed2c3\" data-element_type=\"container\" data-e-type=\"container\" data-settings=\"{&quot;background_background&quot;:&quot;classic&quot;,&quot;_ha_eqh_enable&quot;:false}\">\n\t\t\t\t<div class=\"elementor-element elementor-element-5b31856 elementor-widget__width-initial elementor-widget elementor-widget-heading\" data-id=\"5b31856\" data-element_type=\"widget\" data-e-type=\"widget\" data-widget_type=\"heading.default\">\n\t\t\t\t<div class=\"elementor-widget-container\">\n\t\t\t\t\t<h4 class=\"elementor-heading-title elementor-size-default\">DESIGNS<\/h4>\t\t\t\t<\/div>\n\t\t\t\t<\/div>\n\t\t\t\t<div class=\"elementor-element elementor-element-aa65d04 elementor-widget elementor-widget-text-editor\" data-id=\"aa65d04\" data-element_type=\"widget\" data-e-type=\"widget\" data-widget_type=\"text-editor.default\">\n\t\t\t\t<div class=\"elementor-widget-container\">\n\t\t\t\t\t\t\t\t\t<p>In the area of US design patents, our focus is on the enforcement and defence of intellectual property rights. We advise on the enforcement of design rights in infringement proceedings before US courts and on the defence of corresponding claims.\u00a0<\/p><p>This includes, in particular, analysing the facts of infringement, developing litigation strategies and assessing risks and prospects of success. We also provide support in the strategic utilisation of design rights in conjunction with other IP rights in order to ensure an effective and enforceable protective position in the US market.<\/p>\t\t\t\t\t\t\t\t<\/div>\n\t\t\t\t<\/div>\n\t\t\t\t<\/div>\n\t\t<div class=\"elementor-element elementor-element-b305be2 e-con-full e-flex e-con e-child\" data-id=\"b305be2\" data-element_type=\"container\" data-e-type=\"container\" data-settings=\"{&quot;background_background&quot;:&quot;classic&quot;,&quot;_ha_eqh_enable&quot;:false}\">\n\t\t\t\t<div class=\"elementor-element elementor-element-6af922c elementor-widget__width-initial elementor-widget elementor-widget-heading\" data-id=\"6af922c\" data-element_type=\"widget\" data-e-type=\"widget\" data-widget_type=\"heading.default\">\n\t\t\t\t<div class=\"elementor-widget-container\">\n\t\t\t\t\t<h4 class=\"elementor-heading-title elementor-size-default\">Trade secrets<\/h4>\t\t\t\t<\/div>\n\t\t\t\t<\/div>\n\t\t\t\t<div class=\"elementor-element elementor-element-19c91f2 elementor-widget elementor-widget-text-editor\" data-id=\"19c91f2\" data-element_type=\"widget\" data-e-type=\"widget\" data-widget_type=\"text-editor.default\">\n\t\t\t\t<div class=\"elementor-widget-container\">\n\t\t\t\t\t\t\t\t\t<p>The protection of trade secrets is becoming increasingly important in US law. We advise on the implementation of effective protective measures, the drafting of non-disclosure agreements (NDAs) and the enforcement of claims in the event of infringements.\u00a0<\/p><p>In particular, we take into account the requirements of the Defend Trade Secrets Act (DTSA) and relevant federal regulations.<\/p>\t\t\t\t\t\t\t\t<\/div>\n\t\t\t\t<\/div>\n\t\t\t\t<\/div>\n\t\t<div class=\"elementor-element elementor-element-e03f0c9 e-con-full e-flex e-con e-child\" data-id=\"e03f0c9\" data-element_type=\"container\" data-e-type=\"container\" data-settings=\"{&quot;background_background&quot;:&quot;classic&quot;,&quot;_ha_eqh_enable&quot;:false}\">\n\t\t\t\t<\/div>\n\t\t<div class=\"elementor-element elementor-element-057b378 e-con-full e-flex e-con e-child\" data-id=\"057b378\" data-element_type=\"container\" data-e-type=\"container\" data-settings=\"{&quot;background_background&quot;:&quot;classic&quot;,&quot;_ha_eqh_enable&quot;:false}\">\n\t\t\t\t<\/div>\n\t\t<div class=\"elementor-element elementor-element-e3d0f87 e-con-full e-flex e-con e-child\" data-id=\"e3d0f87\" data-element_type=\"container\" data-e-type=\"container\" data-settings=\"{&quot;background_background&quot;:&quot;classic&quot;,&quot;_ha_eqh_enable&quot;:false}\">\n\t\t\t\t<div class=\"elementor-element elementor-element-99f2e18 elementor-widget__width-initial elementor-widget elementor-widget-heading\" data-id=\"99f2e18\" data-element_type=\"widget\" data-e-type=\"widget\" data-widget_type=\"heading.default\">\n\t\t\t\t<div class=\"elementor-widget-container\">\n\t\t\t\t\t<h4 class=\"elementor-heading-title elementor-size-default\">Licence agreement law<\/h4>\t\t\t\t<\/div>\n\t\t\t\t<\/div>\n\t\t\t\t<div class=\"elementor-element elementor-element-cbeb8aa elementor-widget elementor-widget-text-editor\" data-id=\"cbeb8aa\" data-element_type=\"widget\" data-e-type=\"widget\" data-widget_type=\"text-editor.default\">\n\t\t\t\t<div class=\"elementor-widget-container\">\n\t\t\t\t\t\t\t\t\t<p>We draft, negotiate and review licence agreements under US law - particularly in the areas of technology, software and trademarks.\u00a0<\/p><p>Our focus is on economically viable and legally compliant contractual structures that take into account regulatory requirements as well as tax and liability aspects. We also support our clients in the enforcement and adaptation of existing licence models.<\/p>\t\t\t\t\t\t\t\t<\/div>\n\t\t\t\t<\/div>\n\t\t\t\t<\/div>\n\t\t<div class=\"elementor-element elementor-element-c5a6984 e-con-full e-flex e-con e-child\" data-id=\"c5a6984\" data-element_type=\"container\" data-e-type=\"container\" data-settings=\"{&quot;background_background&quot;:&quot;classic&quot;,&quot;_ha_eqh_enable&quot;:false}\">\n\t\t\t\t<div class=\"elementor-element elementor-element-98844ec elementor-widget__width-initial elementor-widget elementor-widget-heading\" data-id=\"98844ec\" data-element_type=\"widget\" data-e-type=\"widget\" data-widget_type=\"heading.default\">\n\t\t\t\t<div class=\"elementor-widget-container\">\n\t\t\t\t\t<h4 class=\"elementor-heading-title elementor-size-default\">Research and development agreements<\/h4>\t\t\t\t<\/div>\n\t\t\t\t<\/div>\n\t\t\t\t<div class=\"elementor-element elementor-element-e5bf49e elementor-widget elementor-widget-text-editor\" data-id=\"e5bf49e\" data-element_type=\"widget\" data-e-type=\"widget\" data-widget_type=\"text-editor.default\">\n\t\t\t\t<div class=\"elementor-widget-container\">\n\t\t\t\t\t\t\t\t\t<p>We provide support in structuring and drafting research and development co-operations with a US connection. We attach particular importance to the clear regulation of IP rights, exploitation rights and liability issues.\u00a0<\/p><p>Our advice ensures that innovations are legally protected and can be utilised in an economically optimal way.<\/p>\t\t\t\t\t\t\t\t<\/div>\n\t\t\t\t<\/div>\n\t\t\t\t<\/div>\n\t\t<div class=\"elementor-element elementor-element-41420ff e-con-full e-flex e-con e-child\" data-id=\"41420ff\" data-element_type=\"container\" data-e-type=\"container\" data-settings=\"{&quot;background_background&quot;:&quot;classic&quot;,&quot;_ha_eqh_enable&quot;:false}\">\n\t\t\t\t<\/div>\n\t\t<div class=\"elementor-element elementor-element-2d60515 e-con-full e-flex e-con e-child\" data-id=\"2d60515\" data-element_type=\"container\" data-e-type=\"container\" data-settings=\"{&quot;background_background&quot;:&quot;classic&quot;,&quot;_ha_eqh_enable&quot;:false}\">\n\t\t\t\t<\/div>\n\t\t<div class=\"elementor-element elementor-element-105241c e-con-full e-flex e-con e-child\" data-id=\"105241c\" data-element_type=\"container\" data-e-type=\"container\" data-settings=\"{&quot;background_background&quot;:&quot;classic&quot;,&quot;_ha_eqh_enable&quot;:false}\">\n\t\t\t\t<div class=\"elementor-element elementor-element-db142a1 elementor-widget__width-initial elementor-widget elementor-widget-heading\" data-id=\"db142a1\" data-element_type=\"widget\" data-e-type=\"widget\" data-widget_type=\"heading.default\">\n\t\t\t\t<div class=\"elementor-widget-container\">\n\t\t\t\t\t<h4 class=\"elementor-heading-title elementor-size-default\">Technology transfer<\/h4>\t\t\t\t<\/div>\n\t\t\t\t<\/div>\n\t\t\t\t<div class=\"elementor-element elementor-element-2a0234c elementor-widget elementor-widget-text-editor\" data-id=\"2a0234c\" data-element_type=\"widget\" data-e-type=\"widget\" data-widget_type=\"text-editor.default\">\n\t\t\t\t<div class=\"elementor-widget-container\">\n\t\t\t\t\t\t\t\t\t<p>In the area of technology transfer, we advise on the transfer and commercialisation of technologies in the USA.\u00a0<\/p><p>This includes the drafting of transfer agreements, the valuation of IP rights and the structuring of complex transactions between companies, research institutions and investors. Our focus is on legally compliant and economically efficient solutions.<\/p>\t\t\t\t\t\t\t\t<\/div>\n\t\t\t\t<\/div>\n\t\t\t\t<\/div>\n\t\t<div class=\"elementor-element elementor-element-7015a04 e-con-full e-flex e-con e-child\" data-id=\"7015a04\" data-element_type=\"container\" data-e-type=\"container\" data-settings=\"{&quot;background_background&quot;:&quot;classic&quot;,&quot;_ha_eqh_enable&quot;:false}\">\n\t\t\t\t<div class=\"elementor-element elementor-element-1fcb3fc elementor-widget__width-initial elementor-widget elementor-widget-heading\" data-id=\"1fcb3fc\" data-element_type=\"widget\" data-e-type=\"widget\" data-widget_type=\"heading.default\">\n\t\t\t\t<div class=\"elementor-widget-container\">\n\t\t\t\t\t<h4 class=\"elementor-heading-title elementor-size-default\">Employee inventions<\/h4>\t\t\t\t<\/div>\n\t\t\t\t<\/div>\n\t\t\t\t<div class=\"elementor-element elementor-element-2873750 elementor-widget elementor-widget-text-editor\" data-id=\"2873750\" data-element_type=\"widget\" data-e-type=\"widget\" data-widget_type=\"text-editor.default\">\n\t\t\t\t<div class=\"elementor-widget-container\">\n\t\t\t\t\t\t\t\t\t<p>We advise companies on the legally compliant handling of employee inventions in the US context, particularly in the area of conflict between US law and international employment relationships.\u00a0<\/p><p>This includes the drafting of employment contracts, IP assignment clauses and the enforcement of rights to inventions and developments of employees.<\/p>\t\t\t\t\t\t\t\t<\/div>\n\t\t\t\t<\/div>\n\t\t\t\t<\/div>\n\t\t<div class=\"elementor-element elementor-element-65b5164 e-con-full e-flex e-con e-child\" data-id=\"65b5164\" data-element_type=\"container\" data-e-type=\"container\" data-settings=\"{&quot;background_background&quot;:&quot;classic&quot;,&quot;_ha_eqh_enable&quot;:false}\">\n\t\t\t\t<\/div>\n\t\t<div class=\"elementor-element elementor-element-5d1dcdb e-con-full e-flex e-con e-child\" data-id=\"5d1dcdb\" data-element_type=\"container\" data-e-type=\"container\" data-settings=\"{&quot;background_background&quot;:&quot;classic&quot;,&quot;_ha_eqh_enable&quot;:false}\">\n\t\t\t\t<\/div>\n\t\t<div class=\"elementor-element elementor-element-5668c4b e-con-full e-flex e-con e-child\" data-id=\"5668c4b\" data-element_type=\"container\" data-e-type=\"container\" data-settings=\"{&quot;background_background&quot;:&quot;classic&quot;,&quot;_ha_eqh_enable&quot;:false}\">\n\t\t\t\t<div class=\"elementor-element elementor-element-ccdef72 elementor-widget__width-initial elementor-widget elementor-widget-heading\" data-id=\"ccdef72\" data-element_type=\"widget\" data-e-type=\"widget\" data-widget_type=\"heading.default\">\n\t\t\t\t<div class=\"elementor-widget-container\">\n\t\t\t\t\t<h4 class=\"elementor-heading-title elementor-size-default\">Copyright<\/h4>\t\t\t\t<\/div>\n\t\t\t\t<\/div>\n\t\t\t\t<div class=\"elementor-element elementor-element-5ef2232 elementor-widget elementor-widget-text-editor\" data-id=\"5ef2232\" data-element_type=\"widget\" data-e-type=\"widget\" data-widget_type=\"text-editor.default\">\n\t\t\t\t<div class=\"elementor-widget-container\">\n\t\t\t\t\t\t\t\t\t<p>In US copyright law, we support our clients in the protection and exploitation of creative services, particularly in the digital environment.\u00a0<\/p><p>We advise on the registration of copyrights, the enforcement of claims and on licence and usage models. A particular focus is on technology-based business models and cross-border issues.<\/p>\t\t\t\t\t\t\t\t<\/div>\n\t\t\t\t<\/div>\n\t\t\t\t<\/div>\n\t\t<div class=\"elementor-element elementor-element-6eb23bc e-con-full e-flex e-con e-child\" data-id=\"6eb23bc\" data-element_type=\"container\" data-e-type=\"container\" data-settings=\"{&quot;background_background&quot;:&quot;classic&quot;,&quot;_ha_eqh_enable&quot;:false}\">\n\t\t\t\t<div class=\"elementor-element elementor-element-77be457 elementor-widget__width-initial elementor-widget elementor-widget-heading\" data-id=\"77be457\" data-element_type=\"widget\" data-e-type=\"widget\" data-widget_type=\"heading.default\">\n\t\t\t\t<div class=\"elementor-widget-container\">\n\t\t\t\t\t<h4 class=\"elementor-heading-title elementor-size-default\">Export control law<\/h4>\t\t\t\t<\/div>\n\t\t\t\t<\/div>\n\t\t\t\t<div class=\"elementor-element elementor-element-ec24123 elementor-widget elementor-widget-text-editor\" data-id=\"ec24123\" data-element_type=\"widget\" data-e-type=\"widget\" data-widget_type=\"text-editor.default\">\n\t\t\t\t<div class=\"elementor-widget-container\">\n\t\t\t\t\t\t\t\t\t<p>We advise technology-orientated companies comprehensively on the requirements of US export control law, in particular under the Export Administration Regulations (EAR), the International Traffic in Arms Regulations (ITAR) and the sanctions regulations of the Office of Foreign Assets Control (OFAC). Our focus is on the legally compliant structuring of complex, cross-border business models in the areas of dual-use, defence, quantum technologies, semiconductors and AI.\u00a0<\/p><p>We provide support in the classification of technologies, the development of robust compliance systems and in securing international research and co-operation projects. In addition, we represent our clients in regulatory investigations and sanctions proceedings and provide strategic advice on minimising liability and reputational risks. Our advice combines in-depth technical understanding with sound experience in dealing with US authorities and is consistently focussed on high-risk, highly innovative fields of technology.<\/p>\t\t\t\t\t\t\t\t<\/div>\n\t\t\t\t<\/div>\n\t\t\t\t<\/div>\n\t\t<div class=\"elementor-element elementor-element-64ed8dd e-con-full e-flex e-con e-child\" data-id=\"64ed8dd\" data-element_type=\"container\" data-e-type=\"container\" data-settings=\"{&quot;background_background&quot;:&quot;classic&quot;,&quot;_ha_eqh_enable&quot;:false}\">\n\t\t\t\t<\/div>\n\t\t\t\t<\/div>\n\t\t\t\t\t<\/div>\n\t\t\t\t<\/div>\n\t\t\t\t<\/div>","protected":false},"excerpt":{"rendered":"<p>Unsere Services Patente Unser Fokus im US-Patentrecht liegt auf der Durchsetzung und Abwehr von Patentverletzungen. Wir beraten unsere Mandanten bei der Analyse von Verletzungsrisiken, der Entwicklung und Umsetzung von Durchsetzungsstrategien sowie der Verteidigung gegen geltend gemachte Anspr\u00fcche. Dies umfasst insbesondere die Vertretung in Patentstreitigkeiten vor US-Bundesgerichten sowie in Post-Grant-Verfahren vor dem PTAB (z. B. IPR-Verfahren).&nbsp; [&hellip;]<\/p>\n","protected":false},"author":1,"featured_media":0,"parent":0,"menu_order":-8,"comment_status":"closed","ping_status":"closed","template":"","meta":{"_seopress_robots_primary_cat":"","_seopress_titles_title":"Rechtsberatung in Patentrecht | Tautz Law","_seopress_titles_desc":"Entdecken Sie ma\u00dfgeschneiderte Rechtsl\u00f6sungen bei Tautz Law. Kompetente Beratung und spezialisierte Expertise f\u00fcr Ihr Anliegen. Jetzt mehr erfahren!","_seopress_robots_index":"","footnotes":""},"class_list":["post-28","page","type-page","status-publish","hentry"],"_links":{"self":[{"href":"https:\/\/pearlcohen.de\/en\/wp-json\/wp\/v2\/pages\/28","targetHints":{"allow":["GET"]}}],"collection":[{"href":"https:\/\/pearlcohen.de\/en\/wp-json\/wp\/v2\/pages"}],"about":[{"href":"https:\/\/pearlcohen.de\/en\/wp-json\/wp\/v2\/types\/page"}],"author":[{"embeddable":true,"href":"https:\/\/pearlcohen.de\/en\/wp-json\/wp\/v2\/users\/1"}],"replies":[{"embeddable":true,"href":"https:\/\/pearlcohen.de\/en\/wp-json\/wp\/v2\/comments?post=28"}],"version-history":[{"count":80,"href":"https:\/\/pearlcohen.de\/en\/wp-json\/wp\/v2\/pages\/28\/revisions"}],"predecessor-version":[{"id":5344,"href":"https:\/\/pearlcohen.de\/en\/wp-json\/wp\/v2\/pages\/28\/revisions\/5344"}],"wp:attachment":[{"href":"https:\/\/pearlcohen.de\/en\/wp-json\/wp\/v2\/media?parent=28"}],"curies":[{"name":"wp","href":"https:\/\/api.w.org\/{rel}","templated":true}]}}