{"id":32,"date":"2024-09-17T16:43:50","date_gmt":"2024-09-17T16:43:50","guid":{"rendered":"https:\/\/trusting-johnson.83-171-239-208.plesk.page\/?page_id=32"},"modified":"2026-04-22T21:51:21","modified_gmt":"2026-04-22T19:51:21","slug":"contact","status":"publish","type":"page","link":"https:\/\/pearlcohen.de\/en_us\/kontakt\/","title":{"rendered":"contact"},"content":{"rendered":"<div data-elementor-type=\"wp-page\" data-elementor-id=\"32\" class=\"elementor elementor-32\" data-elementor-settings=\"{&quot;ha_cmc_init_switcher&quot;:&quot;no&quot;}\" data-elementor-post-type=\"page\">\n\t\t\t\t<div class=\"elementor-element elementor-element-eaac957 e-flex e-con-boxed e-con e-parent\" data-id=\"eaac957\" data-element_type=\"container\" data-e-type=\"container\" data-settings=\"{&quot;_ha_eqh_enable&quot;:false}\">\n\t\t\t\t\t<div class=\"e-con-inner\">\n\t\t\t\t<div class=\"elementor-element elementor-element-d9ab072 elementor-widget__width-initial elementor-widget elementor-widget-heading\" data-id=\"d9ab072\" data-element_type=\"widget\" data-e-type=\"widget\" data-widget_type=\"heading.default\">\n\t\t\t\t<div class=\"elementor-widget-container\">\n\t\t\t\t\t<h1 class=\"elementor-heading-title elementor-size-default\">contact<\/h1>\t\t\t\t<\/div>\n\t\t\t\t<\/div>\n\t\t\t\t<div class=\"elementor-element elementor-element-a12dbcb elementor-hidden-desktop elementor-hidden-tablet elementor-hidden-mobile elementor-widget elementor-widget-text-editor\" data-id=\"a12dbcb\" data-element_type=\"widget\" data-e-type=\"widget\" data-widget_type=\"text-editor.default\">\n\t\t\t\t<div class=\"elementor-widget-container\">\n\t\t\t\t\t\t\t\t\t<p class=\"p1\"><span class=\"s1\">We are available in our Munich office during your business hours. Our US attorneys will assist you from Munich, where we are not only geographically close to important courts and offices, but also to the center of political decision-making. If necessary, we can call on colleagues from our US offices in New York, Boston and San Francisco.<\/span><\/p>\t\t\t\t\t\t\t\t<\/div>\n\t\t\t\t<\/div>\n\t\t\t\t\t<\/div>\n\t\t\t\t<\/div>\n\t\t<div class=\"elementor-element elementor-element-11fb4b5 e-flex e-con-boxed e-con e-parent\" data-id=\"11fb4b5\" data-element_type=\"container\" data-e-type=\"container\" data-settings=\"{&quot;_ha_eqh_enable&quot;:false}\">\n\t\t\t\t\t<div class=\"e-con-inner\">\n\t\t<div class=\"elementor-element elementor-element-8ea4384 e-con-full e-flex e-con e-child\" data-id=\"8ea4384\" data-element_type=\"container\" data-e-type=\"container\" data-settings=\"{&quot;_ha_eqh_enable&quot;:false}\">\n\t\t\t\t<div class=\"elementor-element elementor-element-bd136b4 elementor-widget elementor-widget-google_maps\" data-id=\"bd136b4\" data-element_type=\"widget\" data-e-type=\"widget\" data-widget_type=\"google_maps.default\">\n\t\t\t\t<div class=\"elementor-widget-container\">\n\t\t\t\t\t\t\t<div class=\"elementor-custom-embed\">\n\t\t\t<iframe loading=\"lazy\"\n\t\t\t\t\tsrc=\"https:\/\/maps.google.com\/maps?q=Nibelungenstr.%2084%2080639%20M%C3%BCnchen%20Deutschland%C2%A0&#038;t=m&#038;z=14&#038;output=embed&#038;iwloc=near\"\n\t\t\t\t\ttitle=\"Nibelungenstr. 84 80639 Munich Germany\u00a0\"\n\t\t\t\t\taria-label=\"Nibelungenstr. 84 80639 Munich Germany\u00a0\"\n\t\t\t><\/iframe>\n\t\t<\/div>\n\t\t\t\t\t\t<\/div>\n\t\t\t\t<\/div>\n\t\t\t\t<div class=\"elementor-element elementor-element-0bd451a elementor-widget elementor-widget-spacer\" data-id=\"0bd451a\" data-element_type=\"widget\" data-e-type=\"widget\" data-widget_type=\"spacer.default\">\n\t\t\t\t<div class=\"elementor-widget-container\">\n\t\t\t\t\t\t\t<div class=\"elementor-spacer\">\n\t\t\t<div class=\"elementor-spacer-inner\"><\/div>\n\t\t<\/div>\n\t\t\t\t\t\t<\/div>\n\t\t\t\t<\/div>\n\t\t\t\t<div class=\"elementor-element elementor-element-006b70b elementor-widget elementor-widget-heading\" data-id=\"006b70b\" data-element_type=\"widget\" data-e-type=\"widget\" data-widget_type=\"heading.default\">\n\t\t\t\t<div class=\"elementor-widget-container\">\n\t\t\t\t\t<h3 class=\"elementor-heading-title elementor-size-default\">office in Munich<\/h3>\t\t\t\t<\/div>\n\t\t\t\t<\/div>\n\t\t\t\t<div class=\"elementor-element elementor-element-cfa0d53 elementor-widget elementor-widget-heading\" data-id=\"cfa0d53\" data-element_type=\"widget\" data-e-type=\"widget\" data-widget_type=\"heading.default\">\n\t\t\t\t<div class=\"elementor-widget-container\">\n\t\t\t\t\t<h5 class=\"elementor-heading-title elementor-size-default\">postal address<\/h5>\t\t\t\t<\/div>\n\t\t\t\t<\/div>\n\t\t\t\t<div class=\"elementor-element elementor-element-e1579e7 elementor-widget elementor-widget-text-editor\" data-id=\"e1579e7\" data-element_type=\"widget\" data-e-type=\"widget\" data-widget_type=\"text-editor.default\">\n\t\t\t\t<div class=\"elementor-widget-container\">\n\t\t\t\t\t\t\t\t\t<p>Pearl Cohen Patent Attorneys PartGmbB<br \/>Nibelungenstr. 84<br \/>80639 Munich<br \/>Germany\u00a0<\/p>\t\t\t\t\t\t\t\t<\/div>\n\t\t\t\t<\/div>\n\t\t\t\t<div class=\"elementor-element elementor-element-e356b9b elementor-widget elementor-widget-text-editor\" data-id=\"e356b9b\" data-element_type=\"widget\" data-e-type=\"widget\" data-widget_type=\"text-editor.default\">\n\t\t\t\t<div class=\"elementor-widget-container\">\n\t\t\t\t\t\t\t\t\t<p>Telephone: +49 (0)89 998 209 600<br \/>E-Mail: PatentsDE@PearlCohen.de<br \/>Fax: +49 (0)89 998 209 609<\/p>\t\t\t\t\t\t\t\t<\/div>\n\t\t\t\t<\/div>\n\t\t\t\t<\/div>\n\t\t\t\t\t<\/div>\n\t\t\t\t<\/div>\n\t\t<div class=\"elementor-element elementor-element-c7df5b4 e-flex e-con-boxed e-con e-parent\" data-id=\"c7df5b4\" data-element_type=\"container\" data-e-type=\"container\" data-settings=\"{&quot;background_background&quot;:&quot;classic&quot;,&quot;_ha_eqh_enable&quot;:false}\">\n\t\t\t\t\t<div class=\"e-con-inner\">\n\t\t\t\t<div class=\"elementor-element elementor-element-db90cb1 elementor-widget elementor-widget-heading\" data-id=\"db90cb1\" data-element_type=\"widget\" data-e-type=\"widget\" data-widget_type=\"heading.default\">\n\t\t\t\t<div class=\"elementor-widget-container\">\n\t\t\t\t\t<h4 class=\"elementor-heading-title elementor-size-default\">Secure Communication<\/h4>\t\t\t\t<\/div>\n\t\t\t\t<\/div>\n\t\t\t\t<div class=\"elementor-element elementor-element-2ecd84f elementor-widget elementor-widget-text-editor\" data-id=\"2ecd84f\" data-element_type=\"widget\" data-e-type=\"widget\" data-widget_type=\"text-editor.default\">\n\t\t\t\t<div class=\"elementor-widget-container\">\n\t\t\t\t\t\t\t\t\t<p>We recommend using PGP or S\/MIME encrypted emails for electronic communication. Please contact us to set up encrypted communication.<\/p>\t\t\t\t\t\t\t\t<\/div>\n\t\t\t\t<\/div>\n\t\t\t\t\t<\/div>\n\t\t\t\t<\/div>\n\t\t\t\t<\/div>","protected":false},"excerpt":{"rendered":"<p>Kontakt In unserem M\u00fcnchner sind wir w\u00e4hrend Ihrer Gesch\u00e4ftszeiten erreichbar. Unsere US-Anw\u00e4lte betreuen Sie von M\u00fcnchen aus, wo wir nicht nur geografisch nah an wichtigen Gerichten und \u00c4mtern, sondern auch am Zentrum der politischen Entscheidungen sind. Bei Bedarf ziehen wir Kollegen aus unseren US B\u00fcros in New York, Boston und San Francisco hinzu. Sie sehen [&hellip;]<\/p>\n","protected":false},"author":1,"featured_media":0,"parent":0,"menu_order":0,"comment_status":"closed","ping_status":"closed","template":"","meta":{"_seopress_robots_primary_cat":"","_seopress_titles_title":"Effizienter Kontakt: Unsere B\u00fcros in M\u00fcnchen & DC","_seopress_titles_desc":"Erreichen Sie unsere US-Anw\u00e4lte in D.C. oder besuchen Sie uns in M\u00fcnchen. Vertrauen Sie auf sichere Kommunikation. Nehmen Sie jetzt Kontakt auf!","_seopress_robots_index":"","footnotes":""},"class_list":["post-32","page","type-page","status-publish","hentry"],"_links":{"self":[{"href":"https:\/\/pearlcohen.de\/en_us\/wp-json\/wp\/v2\/pages\/32","targetHints":{"allow":["GET"]}}],"collection":[{"href":"https:\/\/pearlcohen.de\/en_us\/wp-json\/wp\/v2\/pages"}],"about":[{"href":"https:\/\/pearlcohen.de\/en_us\/wp-json\/wp\/v2\/types\/page"}],"author":[{"embeddable":true,"href":"https:\/\/pearlcohen.de\/en_us\/wp-json\/wp\/v2\/users\/1"}],"replies":[{"embeddable":true,"href":"https:\/\/pearlcohen.de\/en_us\/wp-json\/wp\/v2\/comments?post=32"}],"version-history":[{"count":76,"href":"https:\/\/pearlcohen.de\/en_us\/wp-json\/wp\/v2\/pages\/32\/revisions"}],"predecessor-version":[{"id":5375,"href":"https:\/\/pearlcohen.de\/en_us\/wp-json\/wp\/v2\/pages\/32\/revisions\/5375"}],"wp:attachment":[{"href":"https:\/\/pearlcohen.de\/en_us\/wp-json\/wp\/v2\/media?parent=32"}],"curies":[{"name":"wp","href":"https:\/\/api.w.org\/{rel}","templated":true}]}}