{"id":581,"date":"2024-10-08T09:29:24","date_gmt":"2024-10-08T07:29:24","guid":{"rendered":"https:\/\/trusting-johnson.83-171-239-208.plesk.page\/?page_id=581"},"modified":"2025-02-04T15:13:04","modified_gmt":"2025-02-04T14:13:04","slug":"appraise","status":"publish","type":"page","link":"https:\/\/pearlcohen.de\/en_us\/services\/gutachten\/","title":{"rendered":"Legal opinions"},"content":{"rendered":"<div data-elementor-type=\"wp-page\" data-elementor-id=\"581\" class=\"elementor elementor-581\" data-elementor-settings=\"{&quot;ha_cmc_init_switcher&quot;:&quot;no&quot;}\" data-elementor-post-type=\"page\">\n\t\t\t\t<div class=\"elementor-element elementor-element-c50cc24 elementor-hidden-mobile e-flex e-con-boxed e-con e-child\" data-id=\"c50cc24\" data-element_type=\"container\" data-e-type=\"container\" data-settings=\"{&quot;background_background&quot;:&quot;classic&quot;,&quot;_ha_eqh_enable&quot;:false}\">\n\t\t\t\t\t<div class=\"e-con-inner\">\n\t\t<div class=\"elementor-element elementor-element-18b9a7f e-con-full e-flex e-con e-child\" data-id=\"18b9a7f\" data-element_type=\"container\" data-e-type=\"container\" data-settings=\"{&quot;background_background&quot;:&quot;classic&quot;,&quot;_ha_eqh_enable&quot;:false}\">\n\t\t\t\t<\/div>\n\t\t\t\t\t<\/div>\n\t\t\t\t<\/div>\n\t\t<div class=\"elementor-element elementor-element-e94481e e-flex e-con-boxed e-con e-parent\" data-id=\"e94481e\" data-element_type=\"container\" data-e-type=\"container\" data-settings=\"{&quot;_ha_eqh_enable&quot;:false}\">\n\t\t\t\t\t<div class=\"e-con-inner\">\n\t\t\t\t<div class=\"elementor-element elementor-element-d292471 elementor-widget__width-initial elementor-widget elementor-widget-heading\" data-id=\"d292471\" data-element_type=\"widget\" data-e-type=\"widget\" data-widget_type=\"heading.default\">\n\t\t\t\t<div class=\"elementor-widget-container\">\n\t\t\t\t\t<h1 class=\"elementor-heading-title elementor-size-default\">Legal opinions<\/h1>\t\t\t\t<\/div>\n\t\t\t\t<\/div>\n\t\t\t\t<div class=\"elementor-element elementor-element-2717983 elementor-widget elementor-widget-text-editor\" data-id=\"2717983\" data-element_type=\"widget\" data-e-type=\"widget\" data-widget_type=\"text-editor.default\">\n\t\t\t\t<div class=\"elementor-widget-container\">\n\t\t\t\t\t\t\t\t\t<p>Our clients frequently rely on us to analyze EP and DE intellectual property rights. We assess their validity and investigate potential infringements - often in the context of freedom-to-operate (FTO) analyses or IP due diligence.<\/p>\n<p>We prepare reports on the legal validity and infringement of EP\/DE patents for companies and investors from the U.S. One of our main focuses is on supporting complex due diligence projects in the context of company takeovers or investment rounds at tech startups, where we cover the IP area as a specialist law firm. In the latter case, we regularly advise both investors and startups. The transactions we manage often concern the high-tech sector, in particular quantum computing, artificial intelligence and semiconductor technology.<\/p>\t\t\t\t\t\t\t\t<\/div>\n\t\t\t\t<\/div>\n\t\t\t\t\t<\/div>\n\t\t\t\t<\/div>\n\t\t<div class=\"elementor-element elementor-element-96c1345 e-flex e-con-boxed e-con e-parent\" data-id=\"96c1345\" data-element_type=\"container\" data-e-type=\"container\" data-settings=\"{&quot;_ha_eqh_enable&quot;:false}\">\n\t\t\t\t\t<div class=\"e-con-inner\">\n\t\t<div class=\"elementor-element elementor-element-7bbb6ae e-con-full e-flex e-con e-child\" data-id=\"7bbb6ae\" data-element_type=\"container\" data-e-type=\"container\" data-settings=\"{&quot;_ha_eqh_enable&quot;:false}\">\n\t\t\t\t<div class=\"elementor-element elementor-element-026da9d elementor-widget__width-initial elementor-widget elementor-widget-heading\" data-id=\"026da9d\" data-element_type=\"widget\" data-e-type=\"widget\" data-widget_type=\"heading.default\">\n\t\t\t\t<div class=\"elementor-widget-container\">\n\t\t\t\t\t<h3 class=\"elementor-heading-title elementor-size-default\">Washington - Munich<\/h3>\t\t\t\t<\/div>\n\t\t\t\t<\/div>\n\t\t\t\t<div class=\"elementor-element elementor-element-9db617c elementor-widget elementor-widget-text-editor\" data-id=\"9db617c\" data-element_type=\"widget\" data-e-type=\"widget\" data-widget_type=\"text-editor.default\">\n\t\t\t\t<div class=\"elementor-widget-container\">\n\t\t\t\t\t\t\t\t\t<p>The locations in Munich and Washington offer clear advantages for US clients. While Washington enables direct contact with US companies and law firms, Munich provides direct access to the EPO and GPTO. This combination ensures quick and efficient processes during prosecution.<\/p>\t\t\t\t\t\t\t\t<\/div>\n\t\t\t\t<\/div>\n\t\t\t\t<\/div>\n\t\t<div class=\"elementor-element elementor-element-6ee36de e-con-full e-flex e-con e-child\" data-id=\"6ee36de\" data-element_type=\"container\" data-e-type=\"container\" data-settings=\"{&quot;_ha_eqh_enable&quot;:false}\">\n\t\t<div class=\"elementor-element elementor-element-80347ce e-con-full e-flex e-con e-child\" data-id=\"80347ce\" data-element_type=\"container\" data-e-type=\"container\" data-settings=\"{&quot;_ha_eqh_enable&quot;:false}\">\n\t\t\t\t<div class=\"elementor-element elementor-element-4722995 elementor-widget elementor-widget-image\" data-id=\"4722995\" data-element_type=\"widget\" data-e-type=\"widget\" data-widget_type=\"image.default\">\n\t\t\t\t<div class=\"elementor-widget-container\">\n\t\t\t\t\t\t\t\t\t\t\t\t\t\t\t<img alt=\"\" fetchpriority=\"high\" decoding=\"async\" width=\"800\" height=\"838\" src=\"https:\/\/pearlcohen.de\/wp-content\/uploads\/2024\/10\/Tautz-Schuhmacher-Stock-56.jpg\" class=\"attachment-large size-large wp-image-817\" srcset=\"https:\/\/pearlcohen.de\/wp-content\/uploads\/2024\/10\/Tautz-Schuhmacher-Stock-56.jpg 838w, https:\/\/pearlcohen.de\/wp-content\/uploads\/2024\/10\/Tautz-Schuhmacher-Stock-56-286x300.jpg 286w, https:\/\/pearlcohen.de\/wp-content\/uploads\/2024\/10\/Tautz-Schuhmacher-Stock-56-768x805.jpg 768w, https:\/\/pearlcohen.de\/wp-content\/uploads\/2024\/10\/Tautz-Schuhmacher-Stock-56-11x12.jpg 11w\" sizes=\"(max-width: 800px) 100vw, 800px\" \/>\t\t\t\t\t\t\t\t\t\t\t\t\t\t\t<\/div>\n\t\t\t\t<\/div>\n\t\t\t\t<div class=\"elementor-element elementor-element-8179de8 elementor-widget elementor-widget-image\" data-id=\"8179de8\" data-element_type=\"widget\" data-e-type=\"widget\" data-widget_type=\"image.default\">\n\t\t\t\t<div class=\"elementor-widget-container\">\n\t\t\t\t\t\t\t\t\t\t\t\t\t\t\t<img alt=\"\" decoding=\"async\" width=\"800\" height=\"600\" src=\"https:\/\/pearlcohen.de\/wp-content\/uploads\/2024\/10\/Tautz-Schuhmacher-Stock-55.jpg\" class=\"attachment-large size-large wp-image-816\" srcset=\"https:\/\/pearlcohen.de\/wp-content\/uploads\/2024\/10\/Tautz-Schuhmacher-Stock-55.jpg 838w, https:\/\/pearlcohen.de\/wp-content\/uploads\/2024\/10\/Tautz-Schuhmacher-Stock-55-300x225.jpg 300w, https:\/\/pearlcohen.de\/wp-content\/uploads\/2024\/10\/Tautz-Schuhmacher-Stock-55-768x576.jpg 768w, https:\/\/pearlcohen.de\/wp-content\/uploads\/2024\/10\/Tautz-Schuhmacher-Stock-55-16x12.jpg 16w\" sizes=\"(max-width: 800px) 100vw, 800px\" \/>\t\t\t\t\t\t\t\t\t\t\t\t\t\t\t<\/div>\n\t\t\t\t<\/div>\n\t\t\t\t<\/div>\n\t\t\t\t<\/div>\n\t\t\t\t\t<\/div>\n\t\t\t\t<\/div>\n\t\t<div class=\"elementor-element elementor-element-c000490 e-flex e-con-boxed e-con e-parent\" data-id=\"c000490\" data-element_type=\"container\" data-e-type=\"container\" data-settings=\"{&quot;_ha_eqh_enable&quot;:false}\">\n\t\t\t\t\t<div class=\"e-con-inner\">\n\t\t<div class=\"elementor-element elementor-element-ffc7b1f e-con-full e-flex e-con e-child\" data-id=\"ffc7b1f\" data-element_type=\"container\" data-e-type=\"container\" data-settings=\"{&quot;_ha_eqh_enable&quot;:false}\">\n\t\t\t\t<div class=\"elementor-widget-ha-image-grid happy-addon ha-image-grid elementor-element elementor-element-a0aedea ha-image-grid--fitRows elementor-widget elementor-widget-global elementor-global-1334 elementor-widget-ha-image-grid\" data-id=\"a0aedea\" data-element_type=\"widget\" data-e-type=\"widget\" data-settings=\"{&quot;layout&quot;:&quot;fitRows&quot;}\" data-widget_type=\"ha-image-grid.default\">\n\t\t\t\t<div class=\"elementor-widget-container\">\n\t\t\t\t\t\n\t\t<div class=\"ha-image-grid__wrap hajs-isotope\">\n\t\t\t\t\t\t\t\n\t\t\t\t<figure  class=\"ha-image-grid__item ha-js-lightbox __fltr-1\">\n\t\t\t\t\t<img decoding=\"async\" width=\"568\" height=\"852\" src=\"https:\/\/pearlcohen.de\/wp-content\/uploads\/2024\/09\/RTautz.webp\" class=\"elementor-animation-\" alt=\"\" srcset=\"https:\/\/pearlcohen.de\/wp-content\/uploads\/2024\/09\/RTautz.webp 568w, https:\/\/pearlcohen.de\/wp-content\/uploads\/2024\/09\/RTautz-200x300.webp 200w\" sizes=\"(max-width: 568px) 100vw, 568px\" \/>\t\t\t\t<\/figure>\n\t\t\t\t\t\t\t\n\t\t\t\t<figure  class=\"ha-image-grid__item ha-js-lightbox __fltr-1\">\n\t\t\t\t\t<img loading=\"lazy\" decoding=\"async\" width=\"568\" height=\"852\" src=\"https:\/\/pearlcohen.de\/wp-content\/uploads\/2024\/09\/MSchuhmacher.webp\" class=\"elementor-animation-\" alt=\"\" srcset=\"https:\/\/pearlcohen.de\/wp-content\/uploads\/2024\/09\/MSchuhmacher.webp 568w, https:\/\/pearlcohen.de\/wp-content\/uploads\/2024\/09\/MSchuhmacher-200x300.webp 200w\" sizes=\"(max-width: 568px) 100vw, 568px\" \/>\t\t\t\t<\/figure>\n\t\t\t\t\t\t\t\n\t\t\t\t<figure  class=\"ha-image-grid__item ha-js-lightbox __fltr-1\">\n\t\t\t\t\t<img loading=\"lazy\" decoding=\"async\" width=\"568\" height=\"852\" src=\"https:\/\/pearlcohen.de\/wp-content\/uploads\/2024\/09\/0109-Stieglerfotografie.webp\" class=\"elementor-animation-\" alt=\"\" srcset=\"https:\/\/pearlcohen.de\/wp-content\/uploads\/2024\/09\/0109-Stieglerfotografie.webp 568w, https:\/\/pearlcohen.de\/wp-content\/uploads\/2024\/09\/0109-Stieglerfotografie-200x300.webp 200w\" sizes=\"(max-width: 568px) 100vw, 568px\" \/>\t\t\t\t<\/figure>\n\t\t\t\t\t\t\t\n\t\t\t\t<figure  class=\"ha-image-grid__item ha-js-lightbox __fltr-1\">\n\t\t\t\t\t<img loading=\"lazy\" decoding=\"async\" width=\"568\" height=\"852\" src=\"https:\/\/pearlcohen.de\/wp-content\/uploads\/2024\/09\/Selma_Tabakovic.webp\" class=\"elementor-animation-\" alt=\"\" srcset=\"https:\/\/pearlcohen.de\/wp-content\/uploads\/2024\/09\/Selma_Tabakovic.webp 568w, https:\/\/pearlcohen.de\/wp-content\/uploads\/2024\/09\/Selma_Tabakovic-200x300.webp 200w\" sizes=\"(max-width: 568px) 100vw, 568px\" \/>\t\t\t\t<\/figure>\n\t\t\t\t\t\t\t\n\t\t\t\t<figure  class=\"ha-image-grid__item ha-js-lightbox __fltr-1\">\n\t\t\t\t\t<img loading=\"lazy\" decoding=\"async\" width=\"568\" height=\"852\" src=\"https:\/\/pearlcohen.de\/wp-content\/uploads\/2024\/11\/Mike_McCandlish_wa.jpeg\" class=\"elementor-animation-\" alt=\"\" srcset=\"https:\/\/pearlcohen.de\/wp-content\/uploads\/2024\/11\/Mike_McCandlish_wa.jpeg 568w, https:\/\/pearlcohen.de\/wp-content\/uploads\/2024\/11\/Mike_McCandlish_wa-200x300.jpeg 200w, https:\/\/pearlcohen.de\/wp-content\/uploads\/2024\/11\/Mike_McCandlish_wa-8x12.jpeg 8w\" sizes=\"(max-width: 568px) 100vw, 568px\" \/>\t\t\t\t<\/figure>\n\t\t\t\t\t\t\t\n\t\t\t\t<figure  class=\"ha-image-grid__item ha-js-lightbox __fltr-1\">\n\t\t\t\t\t<img loading=\"lazy\" decoding=\"async\" width=\"512\" height=\"768\" src=\"https:\/\/pearlcohen.de\/wp-content\/uploads\/2024\/09\/Georg_Hasselmann_office.webp\" class=\"elementor-animation-\" alt=\"\" srcset=\"https:\/\/pearlcohen.de\/wp-content\/uploads\/2024\/09\/Georg_Hasselmann_office.webp 512w, https:\/\/pearlcohen.de\/wp-content\/uploads\/2024\/09\/Georg_Hasselmann_office-200x300.webp 200w\" sizes=\"(max-width: 512px) 100vw, 512px\" \/>\t\t\t\t<\/figure>\n\t\t\t\t\t\t\t\n\t\t\t\t<figure  class=\"ha-image-grid__item ha-js-lightbox __fltr-1\">\n\t\t\t\t\t<img loading=\"lazy\" decoding=\"async\" width=\"568\" height=\"852\" src=\"https:\/\/pearlcohen.de\/wp-content\/uploads\/2024\/09\/0047-Stieglerfotografie.webp\" class=\"elementor-animation-\" alt=\"\" srcset=\"https:\/\/pearlcohen.de\/wp-content\/uploads\/2024\/09\/0047-Stieglerfotografie.webp 568w, https:\/\/pearlcohen.de\/wp-content\/uploads\/2024\/09\/0047-Stieglerfotografie-200x300.webp 200w\" sizes=\"(max-width: 568px) 100vw, 568px\" \/>\t\t\t\t<\/figure>\n\t\t\t\t\t\t\t\n\t\t\t\t<figure  class=\"ha-image-grid__item ha-js-lightbox __fltr-1\">\n\t\t\t\t\t<img loading=\"lazy\" decoding=\"async\" width=\"568\" height=\"852\" src=\"https:\/\/pearlcohen.de\/wp-content\/uploads\/2024\/09\/Dana_Medina.webp\" class=\"elementor-animation-\" alt=\"\" srcset=\"https:\/\/pearlcohen.de\/wp-content\/uploads\/2024\/09\/Dana_Medina.webp 568w, https:\/\/pearlcohen.de\/wp-content\/uploads\/2024\/09\/Dana_Medina-200x300.webp 200w\" sizes=\"(max-width: 568px) 100vw, 568px\" \/>\t\t\t\t<\/figure>\n\t\t\t\t\t<\/div>\n\n\t\t\t\t\t\t<\/div>\n\t\t\t\t<\/div>\n\t\t\t\t<\/div>\n\t\t<div class=\"elementor-element elementor-element-db0bf2b e-con-full e-flex e-con e-child\" data-id=\"db0bf2b\" data-element_type=\"container\" data-e-type=\"container\" data-settings=\"{&quot;_ha_eqh_enable&quot;:false}\">\n\t\t\t\t<div class=\"elementor-element elementor-element-61977f8 elementor-widget__width-initial elementor-widget elementor-widget-heading\" data-id=\"61977f8\" data-element_type=\"widget\" data-e-type=\"widget\" data-widget_type=\"heading.default\">\n\t\t\t\t<div class=\"elementor-widget-container\">\n\t\t\t\t\t<h3 class=\"elementor-heading-title elementor-size-default\">Laser sharp focus:<br> in the US<\/h3>\t\t\t\t<\/div>\n\t\t\t\t<\/div>\n\t\t\t\t<div class=\"elementor-element elementor-element-38a4790 elementor-widget elementor-widget-text-editor\" data-id=\"38a4790\" data-element_type=\"widget\" data-e-type=\"widget\" data-widget_type=\"text-editor.default\">\n\t\t\t\t<div class=\"elementor-widget-container\">\n\t\t\t\t\t\t\t\t\t<p>In addition to their legal training, our attorneys have a technical background. We understand both your language and your product. This means we can not only provide you with legal information, but also support you with practical solutions in Europe so that you can concentrate on what matters most: Your business.<\/p>\t\t\t\t\t\t\t\t<\/div>\n\t\t\t\t<\/div>\n\t\t\t\t<div class=\"elementor-element elementor-element-abe143e elementor-widget elementor-widget-button\" data-id=\"abe143e\" data-element_type=\"widget\" data-e-type=\"widget\" data-widget_type=\"button.default\">\n\t\t\t\t<div class=\"elementor-widget-container\">\n\t\t\t\t\t\t\t\t\t<div class=\"elementor-button-wrapper\">\n\t\t\t\t\t<a class=\"elementor-button elementor-button-link elementor-size-sm\" href=\"https:\/\/pearlcohen.de\/en_us\/kompetenzen\/patent-nachanmeldungen\/\">\n\t\t\t\t\t\t<span class=\"elementor-button-content-wrapper\">\n\t\t\t\t\t\t<span class=\"elementor-button-icon\">\n\t\t\t\t<svg aria-hidden=\"true\" class=\"e-font-icon-svg e-fas-chevron-right\" viewbox=\"0 0 320 512\" xmlns=\"http:\/\/www.w3.org\/2000\/svg\"><path d=\"M285.476 272.971L91.132 467.314c-9.373 9.373-24.569 9.373-33.941 0l-22.667-22.667c-9.357-9.357-9.375-24.522-.04-33.901L188.505 256 34.484 101.255c-9.335-9.379-9.317-24.544.04-33.901l22.667-22.667c9.373-9.373 24.569-9.373 33.941 0L285.475 239.03c9.373 9.372 9.373 24.568.001 33.941z\"><\/path><\/svg>\t\t\t<\/span>\n\t\t\t\t\t\t\t\t\t<span class=\"elementor-button-text\">More about the team<\/span>\n\t\t\t\t\t<\/span>\n\t\t\t\t\t<\/a>\n\t\t\t\t<\/div>\n\t\t\t\t\t\t\t\t<\/div>\n\t\t\t\t<\/div>\n\t\t\t\t<\/div>\n\t\t\t\t\t<\/div>\n\t\t\t\t<\/div>\n\t\t<div class=\"elementor-element elementor-element-1e811a6 e-con-full e-flex e-con e-parent\" data-id=\"1e811a6\" data-element_type=\"container\" data-e-type=\"container\" data-settings=\"{&quot;_ha_eqh_enable&quot;:false}\">\n\t\t\t\t<div class=\"elementor-element elementor-element-90f9d58 elementor-widget elementor-widget-template\" data-id=\"90f9d58\" data-element_type=\"widget\" data-e-type=\"widget\" data-widget_type=\"template.default\">\n\t\t\t\t<div class=\"elementor-widget-container\">\n\t\t\t\t\t\t\t<div class=\"elementor-template\">\n\t\t\t\t\t<div data-elementor-type=\"container\" data-elementor-id=\"850\" class=\"elementor elementor-850\" data-elementor-settings=\"{&quot;ha_cmc_init_switcher&quot;:&quot;no&quot;}\" data-elementor-post-type=\"elementor_library\">\n\t\t\t\t<div class=\"elementor-element elementor-element-5a58dfc2 e-flex e-con-boxed e-con e-parent\" data-id=\"5a58dfc2\" data-element_type=\"container\" data-e-type=\"container\" data-settings=\"{&quot;_ha_eqh_enable&quot;:false}\">\n\t\t\t\t\t<div class=\"e-con-inner\">\n\t\t\t\t<div class=\"elementor-element elementor-element-10330d96 elementor-widget__width-initial elementor-widget elementor-widget-heading\" data-id=\"10330d96\" data-element_type=\"widget\" data-e-type=\"widget\" data-widget_type=\"heading.default\">\n\t\t\t\t<div class=\"elementor-widget-container\">\n\t\t\t\t\t<h2 class=\"elementor-heading-title elementor-size-default\">Technical Expertise<\/h2>\t\t\t\t<\/div>\n\t\t\t\t<\/div>\n\t\t\t\t\t<\/div>\n\t\t\t\t<\/div>\n\t\t<div class=\"elementor-element elementor-element-114ef66 e-flex e-con-boxed e-con e-parent\" data-id=\"114ef66\" data-element_type=\"container\" data-e-type=\"container\" data-settings=\"{&quot;_ha_eqh_enable&quot;:false}\">\n\t\t\t\t\t<div class=\"e-con-inner\">\n\t\t<div class=\"elementor-element elementor-element-8b840a5 e-grid e-con-full e-con e-child\" data-id=\"8b840a5\" data-element_type=\"container\" data-e-type=\"container\" data-settings=\"{&quot;background_background&quot;:&quot;classic&quot;,&quot;_ha_eqh_enable&quot;:false}\">\n\t\t<div class=\"elementor-element elementor-element-70ef85d e-con-full e-flex e-con e-child\" data-id=\"70ef85d\" data-element_type=\"container\" data-e-type=\"container\" data-settings=\"{&quot;background_background&quot;:&quot;classic&quot;,&quot;_ha_eqh_enable&quot;:false}\">\n\t\t\t\t<\/div>\n\t\t<div class=\"elementor-element elementor-element-8927f3b e-con-full e-flex e-con e-child\" data-id=\"8927f3b\" data-element_type=\"container\" data-e-type=\"container\" data-settings=\"{&quot;background_background&quot;:&quot;classic&quot;,&quot;_ha_eqh_enable&quot;:false}\">\n\t\t\t\t<div class=\"elementor-element elementor-element-9cb1ca6 elementor-widget__width-initial elementor-widget elementor-widget-heading\" data-id=\"9cb1ca6\" data-element_type=\"widget\" data-e-type=\"widget\" data-widget_type=\"heading.default\">\n\t\t\t\t<div class=\"elementor-widget-container\">\n\t\t\t\t\t<h4 class=\"elementor-heading-title elementor-size-default\">High Tech<\/h4>\t\t\t\t<\/div>\n\t\t\t\t<\/div>\n\t\t\t\t<div class=\"elementor-element elementor-element-0559b42 elementor-widget elementor-widget-text-editor\" data-id=\"0559b42\" data-element_type=\"widget\" data-e-type=\"widget\" data-widget_type=\"text-editor.default\">\n\t\t\t\t<div class=\"elementor-widget-container\">\n\t\t\t\t\t\t\t\t\tWe are one of the few law firms with technical expertise in the semiconductor sector as well as in the future technologies of biotech, quantum computing and artificial intelligence. In addition to conducting proceedings before the EPO, we have been involved in research and development in these areas and have extensive experience in IP due diligence reviews and the preparation of IP opinions.\t\t\t\t\t\t\t\t<\/div>\n\t\t\t\t<\/div>\n\t\t\t\t<\/div>\n\t\t<div class=\"elementor-element elementor-element-9ee0600 e-con-full e-flex e-con e-child\" data-id=\"9ee0600\" data-element_type=\"container\" data-e-type=\"container\" data-settings=\"{&quot;background_background&quot;:&quot;classic&quot;,&quot;_ha_eqh_enable&quot;:false}\">\n\t\t\t\t<\/div>\n\t\t<div class=\"elementor-element elementor-element-39ae354 e-con-full e-flex e-con e-child\" data-id=\"39ae354\" data-element_type=\"container\" data-e-type=\"container\" data-settings=\"{&quot;background_background&quot;:&quot;classic&quot;,&quot;_ha_eqh_enable&quot;:false}\">\n\t\t\t\t<div class=\"elementor-element elementor-element-fd4606b elementor-widget__width-initial elementor-widget elementor-widget-heading\" data-id=\"fd4606b\" data-element_type=\"widget\" data-e-type=\"widget\" data-widget_type=\"heading.default\">\n\t\t\t\t<div class=\"elementor-widget-container\">\n\t\t\t\t\t<h4 class=\"elementor-heading-title elementor-size-default\">mechanics and electrical engineering<\/h4>\t\t\t\t<\/div>\n\t\t\t\t<\/div>\n\t\t\t\t<div class=\"elementor-element elementor-element-7903537 elementor-widget elementor-widget-text-editor\" data-id=\"7903537\" data-element_type=\"widget\" data-e-type=\"widget\" data-widget_type=\"text-editor.default\">\n\t\t\t\t<div class=\"elementor-widget-container\">\n\t\t\t\t\t\t\t\t\tWe work for our clients in traditional mechanical and plant engineering as well as in electrical engineering and information technology. Our attorneys not only have theoretical experience, but also worked in research and development themselves before their legal training.\t\t\t\t\t\t\t\t<\/div>\n\t\t\t\t<\/div>\n\t\t\t\t<\/div>\n\t\t<div class=\"elementor-element elementor-element-603043c e-con-full e-flex e-con e-child\" data-id=\"603043c\" data-element_type=\"container\" data-e-type=\"container\" data-settings=\"{&quot;background_background&quot;:&quot;classic&quot;,&quot;_ha_eqh_enable&quot;:false}\">\n\t\t\t\t<\/div>\n\t\t<div class=\"elementor-element elementor-element-168d8e1 e-con-full e-flex e-con e-child\" data-id=\"168d8e1\" data-element_type=\"container\" data-e-type=\"container\" data-settings=\"{&quot;background_background&quot;:&quot;classic&quot;,&quot;_ha_eqh_enable&quot;:false}\">\n\t\t\t\t<div class=\"elementor-element elementor-element-43cae26 elementor-widget__width-initial elementor-widget elementor-widget-heading\" data-id=\"43cae26\" data-element_type=\"widget\" data-e-type=\"widget\" data-widget_type=\"heading.default\">\n\t\t\t\t<div class=\"elementor-widget-container\">\n\t\t\t\t\t<h4 class=\"elementor-heading-title elementor-size-default\">optics and medical technology<\/h4>\t\t\t\t<\/div>\n\t\t\t\t<\/div>\n\t\t\t\t<div class=\"elementor-element elementor-element-ad232df elementor-widget elementor-widget-text-editor\" data-id=\"ad232df\" data-element_type=\"widget\" data-e-type=\"widget\" data-widget_type=\"text-editor.default\">\n\t\t\t\t<div class=\"elementor-widget-container\">\n\t\t\t\t\t\t\t\t\tIn the field of optics and medical technology, we have been supporting Europe's most innovative companies and research institutions for many years, among other things in obtaining and enforcing intellectual property rights and preparing IP opinions.\t\t\t\t\t\t\t\t<\/div>\n\t\t\t\t<\/div>\n\t\t\t\t<\/div>\n\t\t\t\t<\/div>\n\t\t\t\t\t<\/div>\n\t\t\t\t<\/div>\n\t\t\t\t<\/div>\n\t\t\t\t<\/div>\n\t\t\t\t\t\t<\/div>\n\t\t\t\t<\/div>\n\t\t\t\t<\/div>\n\t\t\t\t<\/div>","protected":false},"excerpt":{"rendered":"<p>Gutachten Unsere Mandanten betrauen uns h\u00e4ufig mit der Analyse von US-Schutzrechten. Dabei analysieren wir deren Rechtsbest\u00e4ndigkeit und\/oder Pr\u00fcfen diese auf etwaige Schutzrechtsverletzungen, auch im Rahmen einer FTO oder IP-Due-Diligence-Pr\u00fcfung. Wir erstellen f\u00fcr Unternehmen und Investoren aus der DACH Region Gutachten zur Rechtsbest\u00e4ndigkeit und Verletzung von US-Patenten. Einer unserer Schwerpunkte liegt dabei in der Unterst\u00fctzung bei [&hellip;]<\/p>\n","protected":false},"author":1,"featured_media":0,"parent":28,"menu_order":0,"comment_status":"closed","ping_status":"closed","template":"","meta":{"_seopress_robots_primary_cat":"","_seopress_titles_title":"IP-Due-Diligence f\u00fcr US-Patente: Beratung aus M\u00fcnchen","_seopress_titles_desc":"Experten f\u00fcr Gutachten und Analyse von US-Schutzrechten. Unterst\u00fctzung bei Unternehmensk\u00e4ufen & Investitionen im High-Tech und IP-Bereich.","_seopress_robots_index":"","footnotes":""},"class_list":["post-581","page","type-page","status-publish","hentry"],"_links":{"self":[{"href":"https:\/\/pearlcohen.de\/en_us\/wp-json\/wp\/v2\/pages\/581","targetHints":{"allow":["GET"]}}],"collection":[{"href":"https:\/\/pearlcohen.de\/en_us\/wp-json\/wp\/v2\/pages"}],"about":[{"href":"https:\/\/pearlcohen.de\/en_us\/wp-json\/wp\/v2\/types\/page"}],"author":[{"embeddable":true,"href":"https:\/\/pearlcohen.de\/en_us\/wp-json\/wp\/v2\/users\/1"}],"replies":[{"embeddable":true,"href":"https:\/\/pearlcohen.de\/en_us\/wp-json\/wp\/v2\/comments?post=581"}],"version-history":[{"count":29,"href":"https:\/\/pearlcohen.de\/en_us\/wp-json\/wp\/v2\/pages\/581\/revisions"}],"predecessor-version":[{"id":1942,"href":"https:\/\/pearlcohen.de\/en_us\/wp-json\/wp\/v2\/pages\/581\/revisions\/1942"}],"up":[{"embeddable":true,"href":"https:\/\/pearlcohen.de\/en_us\/wp-json\/wp\/v2\/pages\/28"}],"wp:attachment":[{"href":"https:\/\/pearlcohen.de\/en_us\/wp-json\/wp\/v2\/media?parent=581"}],"curies":[{"name":"wp","href":"https:\/\/api.w.org\/{rel}","templated":true}]}}